{"id":10,"date":"2020-08-17T12:39:31","date_gmt":"2020-08-17T12:39:31","guid":{"rendered":"http:\/\/alpisbl.org\/?page_id=10"},"modified":"2023-09-14T09:06:33","modified_gmt":"2023-09-14T09:06:33","slug":"contact","status":"publish","type":"page","link":"https:\/\/alpisbl.org\/?page_id=10","title":{"rendered":"Kontakt"},"content":{"rendered":"\n<p>Na\u0161a kancelarija se nalazi na adresi Gunduli\u0107eva 76, Banja Luka, 78000.<\/p>\n\n\n\n<p>Za sve \u0161to je potrebno mo\u017eete kontaktirati direktora udru\u017eenja<\/p>\n\n\n\n<p>mail: asocijacija@alpisbl.org<\/p>\n\n\n\n<hr class=\"wp-block-separator\"\/>\n\n\n\n<div class=\"wp-block-group alignfull\"><div class=\"wp-block-group__inner-container\">\n<div class=\"wp-block-group\"><div class=\"wp-block-group__inner-container\">\n<iframe src=\"https:\/\/www.google.com\/maps\/embed?pb=!1m18!1m12!1m3!1d2832.2711480248413!2d17.19539431580332!3d44.77527718716646!2m3!1f0!2f0!3f0!3m2!1i1024!2i768!4f13.1!3m3!1m2!1s0x475e03160151d0eb%3A0x3871ad19e6ac232c!2sALPIS!5e0!3m2!1ssr!2sba!4v1597932892319!5m2!1ssr!2sba\" style=\"border:0;\" allowfullscreen=\"\" aria-hidden=\"false\" tabindex=\"0\" width=\"800\" height=\"600\" frameborder=\"0\"><\/iframe>\n<\/div><\/div>\n<\/div><\/div>\n\n\n\n<p><\/p>\n","protected":false},"excerpt":{"rendered":"<p>Na\u0161a kancelarija se nalazi na adresi Gunduli\u0107eva 76, Banja Luka, 78000. Za sve \u0161to je potrebno mo\u017eete kontaktirati direktora udru\u017eenja mail: asocijacija@alpisbl.org<\/p>\n","protected":false},"author":1,"featured_media":1170,"parent":0,"menu_order":0,"comment_status":"closed","ping_status":"closed","template":"","meta":[],"_links":{"self":[{"href":"https:\/\/alpisbl.org\/index.php?rest_route=\/wp\/v2\/pages\/10"}],"collection":[{"href":"https:\/\/alpisbl.org\/index.php?rest_route=\/wp\/v2\/pages"}],"about":[{"href":"https:\/\/alpisbl.org\/index.php?rest_route=\/wp\/v2\/types\/page"}],"author":[{"embeddable":true,"href":"https:\/\/alpisbl.org\/index.php?rest_route=\/wp\/v2\/users\/1"}],"replies":[{"embeddable":true,"href":"https:\/\/alpisbl.org\/index.php?rest_route=%2Fwp%2Fv2%2Fcomments&post=10"}],"version-history":[{"count":7,"href":"https:\/\/alpisbl.org\/index.php?rest_route=\/wp\/v2\/pages\/10\/revisions"}],"predecessor-version":[{"id":1181,"href":"https:\/\/alpisbl.org\/index.php?rest_route=\/wp\/v2\/pages\/10\/revisions\/1181"}],"wp:featuredmedia":[{"embeddable":true,"href":"https:\/\/alpisbl.org\/index.php?rest_route=\/wp\/v2\/media\/1170"}],"wp:attachment":[{"href":"https:\/\/alpisbl.org\/index.php?rest_route=%2Fwp%2Fv2%2Fmedia&parent=10"}],"curies":[{"name":"wp","href":"https:\/\/api.w.org\/{rel}","templated":true}]}}