{"id":8,"date":"2020-08-17T12:39:31","date_gmt":"2020-08-17T12:39:31","guid":{"rendered":"http:\/\/alpisbl.org\/?page_id=8"},"modified":"2020-10-07T10:45:57","modified_gmt":"2020-10-07T10:45:57","slug":"home","status":"publish","type":"page","link":"https:\/\/alpisbl.org\/","title":{"rendered":"Home"},"content":{"rendered":"\n<p>Asocijacija legalnih prire\u0111iva\u010da igara na sre\u0107u (ALPIS) osnovana je u aprilu 2013. godine sa ciljem da se unaprijede ukupni standardi poslovanja u toj industriji u na\u0161oj zemlji, da se pove\u0107a svijest o potrebi kvalitetnog dru\u0161tveno odgovornog poslovanja i da Asocijacija \u043a\u0430\u043e kredibilan partner i sagovornik sara\u0111uje sa dr\u017eavnim organima u domenu normativnog ure\u0111enja oblasti igara na sre\u0107u.<\/p>\n\n\n\n<p>Jedan od veoma va\u017enih ciljeva Asocijacije jeste i nastojanje da se predstavljanjem stvarnog stanja i \u010dinjenicama sprije\u010de bezrazlo\u017ene kritike koje u javnosti nerijetko industriju igara na sre\u0107u prikazuju u negativnom svjetlu, a posredno i sve zaposlene u toj industriji.<\/p>\n\n\n\n<p>Jedan od ciljeva Asocijacije je za\u0161tita op\u0161teg dru\u0161tvenog interesa i slobodne konkurencije na predmetnom tr\u017ei\u0161tu kao i zabrane bilo kakve vrste monopola i nelojalne konkurencije, uz potpuno po\u0161tovanje va\u017ee\u0107ih zakona Republike Srpske.<\/p>\n","protected":false},"excerpt":{"rendered":"<p>Asocijacija legalnih prire\u0111iva\u010da igara na sre\u0107u (ALPIS) osnovana je u aprilu 2013. godine sa ciljem da se unaprijede ukupni standardi poslovanja u toj industriji u na\u0161oj zemlji, da se pove\u0107a svijest o potrebi kvalitetnog dru\u0161tveno odgovornog poslovanja i da Asocijacija \u043a\u0430\u043e kredibilan partner i sagovornik sara\u0111uje sa dr\u017eavnim organima u domenu normativnog ure\u0111enja oblasti igara [&hellip;]<\/p>\n","protected":false},"author":1,"featured_media":0,"parent":0,"menu_order":0,"comment_status":"closed","ping_status":"closed","template":"","meta":[],"_links":{"self":[{"href":"https:\/\/alpisbl.org\/index.php?rest_route=\/wp\/v2\/pages\/8"}],"collection":[{"href":"https:\/\/alpisbl.org\/index.php?rest_route=\/wp\/v2\/pages"}],"about":[{"href":"https:\/\/alpisbl.org\/index.php?rest_route=\/wp\/v2\/types\/page"}],"author":[{"embeddable":true,"href":"https:\/\/alpisbl.org\/index.php?rest_route=\/wp\/v2\/users\/1"}],"replies":[{"embeddable":true,"href":"https:\/\/alpisbl.org\/index.php?rest_route=%2Fwp%2Fv2%2Fcomments&post=8"}],"version-history":[{"count":3,"href":"https:\/\/alpisbl.org\/index.php?rest_route=\/wp\/v2\/pages\/8\/revisions"}],"predecessor-version":[{"id":931,"href":"https:\/\/alpisbl.org\/index.php?rest_route=\/wp\/v2\/pages\/8\/revisions\/931"}],"wp:attachment":[{"href":"https:\/\/alpisbl.org\/index.php?rest_route=%2Fwp%2Fv2%2Fmedia&parent=8"}],"curies":[{"name":"wp","href":"https:\/\/api.w.org\/{rel}","templated":true}]}}