{"id":81,"date":"2020-08-20T13:14:11","date_gmt":"2020-08-20T13:14:11","guid":{"rendered":"http:\/\/alpisbl.org\/?page_id=81"},"modified":"2020-08-20T17:19:20","modified_gmt":"2020-08-20T17:19:20","slug":"drustvena-odgovornost","status":"publish","type":"page","link":"https:\/\/alpisbl.org\/?page_id=81","title":{"rendered":"Dru\u0161tvena odgovornost"},"content":{"rendered":"\n<h1><strong>ODGOVORNI &nbsp;PREMA DRU\u0160TVU &nbsp;I &nbsp;DR\u017dAVI<\/strong><\/h1>\n\n\n\n<ol><li><strong>INDUSTRIJA IGARA NA SRE\u0106U<\/strong><\/li><\/ol>\n\n\n\n<p><strong>Industrija igara na sre\u0107u u Republici Srpskoj posljednjih godina se profilisala kao zna\u010dajna privredna grana dok su, istovremeno,&nbsp; prire\u0111iva\u010di igara na sre\u0107u postali bitan dio privrednog ambijenta zemlje<\/strong>. Sa oko 3.000 direktno zaposlenih, i njihovim redovnim primanjima i kompletno pla\u0107enim porezima i doprinosima, te oko 11.000 indirektno zaposlenih, ova privredna grana je postala izvor veoma stabilnih prihoda za dr\u017eavni bud\u017eet Republike Srpske i bud\u017eete lokalnih samouprava sa veoma zana\u010dajnim uticajem na privredu i dru\u0161tvo RS u cjelini.<\/p>\n\n\n\n<p><strong>Ra\u010dunaju\u0107i sve uplate u dr\u017eavni bud\u017eet po osnovu poreza, taksi i naknada za igre na sre\u0107u, uplate doprinosa u fondove penzijskog i zdravstvenog osiguranja, uplate u bud\u017eete lokalnih samouprava po osnovu lokalnih komunalnih taksi&nbsp; i&nbsp; isplate primanja zaposlenih, direktan doprinos igara na sre\u0107u BDP-u RS u 2019. godini bio je skoro 36,1 milion evra.&nbsp;<\/strong>Imaju\u0107i u vidu \u0161iroku mre\u017eu dobavlja\u010da sa oko 11 hiljada zaposlenih i uz \u010dinjenicu da prire\u0111iva\u010di igara na sre\u0107u redovnim servisiranjem svojih obaveza prema njima, svojim dobavlja\u010dima obezbje\u0111uju uslove za optimalno poslovanje i redovno izmirivanje svih svojih obaveza i prema dr\u017eavi i prema zaposlenima.&nbsp;<strong>Na taj na\u010din, indirektan doprinos igara na sre\u0107u&nbsp; BDP-u Srpske u 2019. godini je iznosio preko 107,8 miliona evra (2,09 odsto BDP).<\/strong><\/p>\n\n\n\n<ol start=\"2\"><li><strong>DOPRINOS PRIVREDI I DRU\u0160TVU<\/strong><\/li><\/ol>\n\n\n\n<p><strong>ALPIS \u2013 Asocijacija  prire\u0111iva\u010da igara na sre\u0107u Republike Srpske  formirana je sredinom 2008. godine i \u010dine ga najve\u0107i prire\u0111iva\u010di igara na sre\u0107u u RS. Po najva\u017enijim kriterijumima poslovanja \u2013 obimu prometa, iznosima pla\u0107enih poreza, broju zaposlenih i tr\u017ei\u0161nom u\u010de\u0161\u0107u, ALPIS predstavlja va\u017eno regionalno udru\u017eenje prire\u0111iva\u010da igara na sre\u0107u, koje ima izvanrednu saradnju sa ostalim regionalnim udru\u017eenjima iste bran\u0161e. Istovremeno, kompanije \u010dlanice&nbsp;na\u0161e Asocijacije pored&nbsp;pokrivanja oko&nbsp;60<\/strong>&nbsp;<strong>odsto&nbsp;tr\u017ei\u0161ta&nbsp;posebnih&nbsp;igara na sre\u0107u u RS,<\/strong>&nbsp;<strong>posluju i na dvadesetak inostranih tr\u017ei\u0161ta&nbsp;i&nbsp;spadaju u najve\u0107e regionalne i me\u0111u 10 najve\u0107ih prire\u0111iva\u010da igara na sre\u0107u&nbsp;u Evropi,&nbsp;<\/strong>sa licencama za sportsko kla\u0111enje, igre na sre\u0107u putem automata i internet igre na sre\u0107u.<\/p>\n\n\n\n<p>Osnovni&nbsp; poslovni postulati &nbsp;kompanija na\u0161ih \u010dlanica &nbsp;i Asocijacije u cjelini&nbsp; jesu potpuna legalnost rada u svim sferama i visok nivo dru\u0161tvene odgovornosti. Kompanije \u010dlanice i Asocijacija u cjelini zasnivaju svoju poslovnu politiku na savremenim principima i sa izra\u017eenim osje\u0107ajem za dru\u0161tvenu odgovornost prema sredini u kojoj se posluje.<\/p>\n\n\n\n<p>Industrija igara na sre\u0107u &nbsp;svugdje u svijetu&nbsp; predstavlja ozbiljnu privrednu djelatnost, posebno kada se imaju u vidu direktni i indirektni bud\u017eetski prihodi, broj radnih mjesta, mogu\u0107nost daljeg unapre\u0111enja poslovanja i dr.<\/p>\n\n\n\n<p>U skladu sa na\u0161im generalnim opredjeljenjem za potpunu legalnost poslovanja svi zaposleni su uredno prijavljeni, a isplate plata, kao i poreza i doprinosa na plate su redovne i blagovremene. Posebno isti\u010demo \u010dinjenicu da smo, i pored svih te\u0161ko\u0107a, posebno zbog vi\u0161egodi\u0161njeg pada obima poslovanja, donesenih pravilnika i Zakona o igrama na sre\u0107u, koji prire\u0111iva\u010dima igara na sre\u0107u tra\u017ee samo nove namete, a istovremeno ih guraju u crno tr\u017ei\u0161te, uspjeli da odr\u017eimo <strong>broj zaposlenih \u010dak i u vrijeme pandemije.<\/strong> To se odnosi pre svega na visokoobrazovani i stru\u010dni kadar u IT sektoru.<\/p>\n\n\n\n<p>Iako je pad obima poslovanja evidentan u posljednjih pet godina, obaveze na\u0161ih kompanija prema dr\u017eavi iz godine u godinu rastu.<\/p>\n\n\n\n<p><strong>U prvih \u0161est mjeseci pro\u0161le godine&nbsp; na ime svih vrsta poreza, taksi i naknada na osnovu Zakona o igrama na sre\u0107u u dr\u017eavni bud\u017eet upla\u0107eno je oko 17,6 miliona KM, a ako bismo ra\u010dunali ostale fiskalne i parafiskalne namete iznos bi bio duplo ve\u0107i.<\/strong><\/p>\n\n\n\n<p><strong>Posebno se isti\u010de problem iznosa lokalnih komunalnih taksi koje su za poslednje tri godine pove\u0107ane pet puta.<\/strong>&nbsp;Tom protivustavnom odredbom&nbsp; diskriminisani su privredni subjekati koji prire\u0111uju igre na sre\u0107u u odnosu na privredne subjekte koji obavljaju druge privredne delatnosti \u010dime se stvara nejednak polo\u017eaj privrednih subjekata na tr\u017ei\u0161tu \u0161to predstavlja kr\u0161enje Ustava RS.<\/p>\n\n\n\n<p>Kompanije \u010dlanice ALPIS-a su u toku 2012.godine na ime ovih taksi lokalnim samoupravama uplatile oko 500 hiljada evra, dok je taj iznos u 2013. godini bio 1,3 miliona, a u 2014. i 2015.godini 1,7 miliona evra.\u00a0 Taj iznos je u 2016. godini prema\u0161io 2 miliona evra, a u 2017.godini iznosi preko 2,5 miliona eura. Iznos od preko 2,5 miliona na ime ovih taksi pla\u0107en je i u 2018.godini. <strong>Prema na\u0161im preciznim procjenama, ove takse su nam u poslednje tri godine \u201epojele\u201c vi\u0161e od \u00a0hiljadu \u00a0radnih mjesta, a ako se takve tendencije nastave i u ovoj \u00a0godini, o\u010dekuje nas zatvaranje poslovnica i otpu\u0161tanje zaposlenih.<\/strong><\/p>\n\n\n\n<p><strong>Kao \u0161to redovno servisiraju svoje obaveze prema dr\u017eavi, na\u0161e kompanije redovno i blagovremeno izmiruju i svoje obaveze prema dobavlja\u010dima roba i usluga.<\/strong><\/p>\n\n\n\n<ul><li><strong>U 2018. godini, na ime nabavki roba i usluga dobavlja\u010dima je ispla\u0107eno oko 30 miliona evra. Tom iznosu treba dodati i pla\u0107eni PDV od oko 8 miliona evra<\/strong>. Va\u017eno je ista\u0107i da se pla\u0107anje roba i usluga vr\u0161i blagovremeno, bez ka\u0161njenja, \u010dime se dobavlja\u010dima obezbje\u0111uju uslovi za normalno poslovanje, prije svega, sa aspekta isplate zarada i obaveza prema dr\u017eavi.<\/li><li>Kada se ovim iznosima dodaju profiti na\u0161ih dobavlja\u010da roba i usluga kao i porezi i zarade koje oni ispla\u0107uju onda se u cjelini sagledava na\u0161 doprinos dr\u017eavnom bud\u017eetu i bud\u017eetima lokalnih samouprava. Samo na\u0161i najve\u0107i dobavlja\u010di u ovom momentu&nbsp;<strong>zapo\u0161ljavaju oko 11 000 radnika \u0161to predstavlja skoro 5 % ukupnog broja zaposlenih u Srpskoj<\/strong>.<\/li><li>Ukupni iznosi ispla\u0107eni dobavlja\u010dima iz godine u godinu se pove\u0107avaju, ali isti\u010demo da to nije posljedica pove\u0107anja obima na\u0161eg poslovanja, ve\u0107 isklju\u010divo rasta cijena roba i usluga.<\/li><\/ul>\n\n\n\n<ol start=\"3\"><li><strong>DRU\u0160TVENA ODGOVORNOST<\/strong><br><strong><br>3.1. Prevencija zavisnosti<\/strong><\/li><\/ol>\n\n\n\n<p>Uz odli\u010dne pokazatelje doprinosa privredi i dru\u0161tvu Republike Srpske u cjelini, rezultati koje je Asocijacija postigla na polju odgovornog prire\u0111ivanja igara na sre\u0107u i prevencije bolesti zavisnosti od igara na sre\u0107u u potpunosti odslikavaju izuzetno visok nivo dru\u0161tveno odgovornog poslovanja kompanija \u010dlanica.<\/p>\n\n\n\n<p>Gotovo tri godine Asocijacija u saradnji sa Univerzitetsko-klini\u010dkim centrom RS realizuje &nbsp;projekat<strong> ranog otkrivanja zavisnosti. Su\u0161tina projekta ogleda se u \u010dinjenici da se njegovom realizacijom patolo\u0161ka zavisnost spre\u010dava u nastajanju.<\/strong>&nbsp;Realizacija projekta podrazumijeva edukaciju svih zaposlenih koji dolaze u kontakt sa igra\u010dima, u prepoznavanju prvih simptoma zavisnosti od igara na sre\u0107u. Do sada je ovu&nbsp;<strong>edukaciju zavr\u0161ilo oko 800 zaposlenih iz svih na\u0161ih kompanija.<\/strong>&nbsp;U skladu sa me\u0111unarodnim standardima svi su dobili individualne sertifikate dok se kompanijski sertifikati o edukovanom osoblju nalaze na vidnim mjestima u svim poslovnicama na\u0161ih kompanija \u0161irom Srpske.<\/p>\n\n\n\n<figure class=\"wp-block-image size-large\"><img loading=\"lazy\" width=\"736\" height=\"486\" src=\"http:\/\/alpisbl.org\/wp-content\/uploads\/2020\/08\/uvjerenje-prevencija.jpg\" alt=\"\" class=\"wp-image-98\" srcset=\"https:\/\/alpisbl.org\/wp-content\/uploads\/2020\/08\/uvjerenje-prevencija.jpg 736w, https:\/\/alpisbl.org\/wp-content\/uploads\/2020\/08\/uvjerenje-prevencija-300x198.jpg 300w\" sizes=\"(max-width: 736px) 100vw, 736px\" \/><\/figure>\n\n\n\n<p>Realizaciju projekta prate posteri i flajeri koji se tako\u0111e nalaze u svim poslovnicama na\u0161ih kompanija. Posteri i flajeri svojim sadr\u017eajem na pogodan na\u010din ukazuju igra\u010dima na potencijalnu mogu\u0107nost pojave zavisnosti od igara na sre\u0107u i upu\u0107uju ih da pomo\u0107 potra\u017ee na Odeljenju za le\u010denje bolesti zavisnosti Univerzitetsko-klini\u010dkog centra Republike Srpske. <\/p>\n\n\n\n<figure class=\"wp-block-image size-large\"><img loading=\"lazy\" width=\"1024\" height=\"576\" src=\"http:\/\/alpisbl.org\/wp-content\/uploads\/2020\/08\/flajer-1024x576.jpg\" alt=\"\" class=\"wp-image-99\" srcset=\"https:\/\/alpisbl.org\/wp-content\/uploads\/2020\/08\/flajer-1024x576.jpg 1024w, https:\/\/alpisbl.org\/wp-content\/uploads\/2020\/08\/flajer-300x169.jpg 300w, https:\/\/alpisbl.org\/wp-content\/uploads\/2020\/08\/flajer-768x432.jpg 768w, https:\/\/alpisbl.org\/wp-content\/uploads\/2020\/08\/flajer.jpg 1280w\" sizes=\"(max-width: 1024px) 100vw, 1024px\" \/><\/figure>\n\n\n\n<p>Da smo sa ovim projektom na pravom putu potvr\u0111uje i \u010dinjenica da je edukacija zaposlenih u prevenciji bolesti zavisnosti prepoznata i u me\u0111unarodnim okvirima, van granica na\u0161e zemlje. Po pozivu organizatora, su\u0161tinu projekta, njegov sadr\u017eaj i rezultate predstavljamo na Kongesima prire\u0111iva\u010da igara na sre\u0107u jugoisto\u010dne Evrope. Novina je to da je projekat prepoznat i u stru\u010dnim medicinskim krugovima i da smo ga vi\u0161e puta predstavljali na presti\u017enim me\u0111unarodnim skupovima. Sli\u010dni projekti, ve\u0107 se primjenjuju u Srbiji i Crnoj Gori.<\/p>\n\n\n\n<p>Imaju\u0107i u vidu i dostignuti nivo odgovornog prire\u0111ivanja igara na sre\u0107u, posebno sa aspekta za\u0161tite maloljetnika i potencijalih zavisnika, ALPIS i njegove \u010dlanice predstavljaju lidere, ne samo u regionu ve\u0107 i \u0161ire.<\/p>\n\n\n\n<p><strong>U tom smislu neumorno \u0107emo upozoravati na nedostatke novog Zakona o igrama na sre\u0107u RS, gdje su nepromi\u0161ljenim odlukama, maloljetnici gurnuti u ralje zavisnosti. <\/strong><\/p>\n\n\n\n<p><strong>3.2. Socijalna i humanitarna podr\u0161ka i pomo\u0107 sportu i kulturi<\/strong><\/p>\n\n\n\n<p>Trajno opredjeljenje kompanija \u010dlanica i Asocijacije u cjelini jeste da se, uz potpunu legalnost poslovanja u svim sferama, posebna pa\u017enja pokloni stalnom podizanju nivoa dru\u0161tveno odgovornog poslovanja. Dru\u0161tvena odgovornost u segmentu donacija u okviru socijalne i humanitarne podr\u0161ke i pomo\u0107i sportu i kulturi striktno su odvojeni od marketinga.<\/p>\n\n\n\n<ul><li><strong>Kroz socijalnu i humanitarnu podr\u0161ku<\/strong>&nbsp;kontinuirano poma\u017eemo najugro\u017eenijim pojedincima i institucijama<\/li><li>Kompanije \u2013 na\u0161e \u010dlanice imaju ugovore o saradnji sa brojnim javnim ustanovama, u okviru koje su vr\u0161ene mnoge donacije. Posebno smo ponosni na donacije zdravstvenim radnicima i Crvenom krstu tokom pandemije COVID 19.<\/li><li><strong>Tokom&nbsp;godine nastavili smo sa podr\u0161kom&nbsp; neprofitnih i niskoprofitnih sportskih udru\u017eenja i klubova koji podsti\u010du razvoj sporta<\/strong>.&nbsp;<\/li><\/ul>\n\n\n\n<p><strong>Tako\u0111e, saradnja sa udru\u017eenjima prire\u0111iva\u010da igara na sre\u0107u&nbsp; iz zemalja regiona je odli\u010dna. Tako\u0111e, \u017eelimo da naglasimo da je ALPIS ve\u0107 dugi niz godina \u010dlan najve\u0107e i najuglednije&nbsp; evropske asocijacije prire\u0111iva\u010da igara na sre\u0107u \u2013 EOGL.<\/strong><\/p>\n\n\n\n<p><\/p>\n\n\n\n<hr class=\"wp-block-separator\"\/>\n","protected":false},"excerpt":{"rendered":"<p>ODGOVORNI &nbsp;PREMA DRU\u0160TVU &nbsp;I &nbsp;DR\u017dAVI INDUSTRIJA IGARA NA SRE\u0106U Industrija igara na sre\u0107u u Republici Srpskoj posljednjih godina se profilisala kao zna\u010dajna privredna grana dok su, istovremeno,&nbsp; prire\u0111iva\u010di igara na sre\u0107u postali bitan dio privrednog ambijenta zemlje. Sa oko 3.000 direktno zaposlenih, i njihovim redovnim primanjima i kompletno pla\u0107enim porezima i doprinosima, te oko 11.000 [&hellip;]<\/p>\n","protected":false},"author":1,"featured_media":0,"parent":0,"menu_order":0,"comment_status":"closed","ping_status":"closed","template":"","meta":[],"_links":{"self":[{"href":"https:\/\/alpisbl.org\/index.php?rest_route=\/wp\/v2\/pages\/81"}],"collection":[{"href":"https:\/\/alpisbl.org\/index.php?rest_route=\/wp\/v2\/pages"}],"about":[{"href":"https:\/\/alpisbl.org\/index.php?rest_route=\/wp\/v2\/types\/page"}],"author":[{"embeddable":true,"href":"https:\/\/alpisbl.org\/index.php?rest_route=\/wp\/v2\/users\/1"}],"replies":[{"embeddable":true,"href":"https:\/\/alpisbl.org\/index.php?rest_route=%2Fwp%2Fv2%2Fcomments&post=81"}],"version-history":[{"count":6,"href":"https:\/\/alpisbl.org\/index.php?rest_route=\/wp\/v2\/pages\/81\/revisions"}],"predecessor-version":[{"id":102,"href":"https:\/\/alpisbl.org\/index.php?rest_route=\/wp\/v2\/pages\/81\/revisions\/102"}],"wp:attachment":[{"href":"https:\/\/alpisbl.org\/index.php?rest_route=%2Fwp%2Fv2%2Fmedia&parent=81"}],"curies":[{"name":"wp","href":"https:\/\/api.w.org\/{rel}","templated":true}]}}