{"id":86,"date":"2020-08-20T13:24:17","date_gmt":"2020-08-20T13:24:17","guid":{"rendered":"http:\/\/alpisbl.org\/?page_id=86"},"modified":"2020-08-20T13:24:17","modified_gmt":"2020-08-20T13:24:17","slug":"korisni-linkovi","status":"publish","type":"page","link":"https:\/\/alpisbl.org\/?page_id=86","title":{"rendered":"KORISNI LINKOVI"},"content":{"rendered":"\n<ul><li><a rel=\"noreferrer noopener\" href=\"https:\/\/www.vladars.net\/sr-SP-Cyrl\/Vlada\/Ministarstva\/mf\/OM\/RU\/RUIS\/Pages\/default.aspx\" target=\"_blank\">Ministarstvo finansija \u2013 Uprava za igre na sre\u0107u<\/a><\/li><li><a href=\"https:\/\/www.kc-bl.com\/Lat\/?page_id=1887\">Univerzitetski klini\u010dki centar Banja Luka &#8211; Odjeljenje za bolesti zavisnosti sa op\u0161tom psihijatrijom<\/a><\/li><li><a rel=\"noreferrer noopener\" href=\"https:\/\/www.eogl.eu\/\" target=\"_blank\">European Organization for Gaming Law<\/a><\/li><li><a href=\"http:\/\/upis.org.rs\/\">Udru\u017eenje prire\u0111iva\u010da igara na sre\u0107u<\/a><\/li><\/ul>\n\n\n\n<p><\/p>\n","protected":false},"excerpt":{"rendered":"<p>Ministarstvo finansija \u2013 Uprava za igre na sre\u0107u Univerzitetski klini\u010dki centar Banja Luka &#8211; Odjeljenje za bolesti zavisnosti sa op\u0161tom psihijatrijom European Organization for Gaming Law Udru\u017eenje prire\u0111iva\u010da igara na sre\u0107u<\/p>\n","protected":false},"author":1,"featured_media":0,"parent":0,"menu_order":0,"comment_status":"closed","ping_status":"closed","template":"","meta":[],"_links":{"self":[{"href":"https:\/\/alpisbl.org\/index.php?rest_route=\/wp\/v2\/pages\/86"}],"collection":[{"href":"https:\/\/alpisbl.org\/index.php?rest_route=\/wp\/v2\/pages"}],"about":[{"href":"https:\/\/alpisbl.org\/index.php?rest_route=\/wp\/v2\/types\/page"}],"author":[{"embeddable":true,"href":"https:\/\/alpisbl.org\/index.php?rest_route=\/wp\/v2\/users\/1"}],"replies":[{"embeddable":true,"href":"https:\/\/alpisbl.org\/index.php?rest_route=%2Fwp%2Fv2%2Fcomments&post=86"}],"version-history":[{"count":1,"href":"https:\/\/alpisbl.org\/index.php?rest_route=\/wp\/v2\/pages\/86\/revisions"}],"predecessor-version":[{"id":87,"href":"https:\/\/alpisbl.org\/index.php?rest_route=\/wp\/v2\/pages\/86\/revisions\/87"}],"wp:attachment":[{"href":"https:\/\/alpisbl.org\/index.php?rest_route=%2Fwp%2Fv2%2Fmedia&parent=86"}],"curies":[{"name":"wp","href":"https:\/\/api.w.org\/{rel}","templated":true}]}}