{"id":9,"date":"2020-08-17T12:39:31","date_gmt":"2020-08-17T12:39:31","guid":{"rendered":"http:\/\/alpisbl.org\/?page_id=9"},"modified":"2023-04-17T09:32:42","modified_gmt":"2023-04-17T09:32:42","slug":"about","status":"publish","type":"page","link":"https:\/\/alpisbl.org\/?page_id=9","title":{"rendered":"O nama"},"content":{"rendered":"\n<p>Asocijacija legalnih prire\u0111iva\u010da igara na sre\u0107u (ALPIS) osnovana je u aprilu 2013. godine sa ciljem da se unaprijede ukupni standardi poslovanja u toj industriji u na\u0161oj zemlji, da se pove\u0107a svijest o potrebi kvalitetnog dru\u0161tveno odgovornog poslovanja i da Asocijacija \u043a\u0430\u043e kredibilan partner i sagovornik sara\u0111uje sa dr\u017eavnim organima u domenu normativnog ure\u0111enja oblasti igara na sre\u0107u.<\/p>\n\n\n\n<p>Jedan od veoma va\u017enih ciljeva Asocijacije jeste i nastojanje da se predstavljanjem stvarnog stanja i \u010dinjenicama sprije\u010de bezrazlo\u017ene kritike koje u javnosti nerijetko industriju igara na sre\u0107u prikazuju u negativnom svjetlu, a posredno i sve zaposlene u toj industriji.<\/p>\n\n\n\n<p>Jedan od ciljeva Asocijacije je za\u0161tita op\u0161teg dru\u0161tvenog interesa i slobodne konkurencije na predmetnom tr\u017ei\u0161tu kao i zabrane bilo kakve vrste monopola i nelojalne konkurencije, uz potpuno po\u0161tovanje va\u017ee\u0107ih zakona Republike Srpske.<\/p>\n\n\n\n<p>Zahvaljuju\u0107i reprezentativnom tr\u017ei\u0161nom u\u010de\u0161\u0107u i kvalitetnom radu, Asocijacija je nedugo po osnivanju prepoznata kao relevantan sagovornik nadle\u017enih dr\u017eavnih organa i skup\u0161tinskih odbora u kreiranju normativnih rje\u0161enja u oblasti igara na sre\u0107u u Republici Srpskoj.<\/p>\n\n\n\n<p>U skladu sa dru\u0161tvenom odgovorno\u0161\u0107u svojih \u010dlanica, Asocijacija je u saradnji sa Univerzitetskim centrom Banja Luka pokrenula projekat \u201cMogu\u0107e je prekinuti\u201d u okviru kojeg \u0107e svi zaposleni u kompanijama \u2013 \u010dlanicama pro\u0107i edukaciju u prepoznavanju simptoma zavisnosti od igara na sre\u0107u. Edukacija je u toku, a svim zaposlenima koji je zavr\u0161e uru\u010duju se, u skladu sa me\u0111unarodnim standardima, individualni sertifikati. Tako\u0111e, sertifikati \u0107e se nalaziti i u svim kompanijskim poslovnicima \u010dije je osoblje zavr\u0161ilo pomenutu edukaciju. Projekat \u201cMogu\u0107e je prekinuti\u201d prati i adekvatan promo materijal \u2013 posteri I bro\u0161ure koji se nalaze u svim poslovnicama kompanija koje su na\u0161e \u010dlanice.<\/p>\n\n\n\n<figure class=\"wp-block-image size-large\"><img loading=\"lazy\" width=\"768\" height=\"1024\" src=\"http:\/\/alpisbl.org\/wp-content\/uploads\/2020\/08\/file-768x1024.jpeg\" alt=\"\" class=\"wp-image-125\" srcset=\"https:\/\/alpisbl.org\/wp-content\/uploads\/2020\/08\/file-768x1024.jpeg 768w, https:\/\/alpisbl.org\/wp-content\/uploads\/2020\/08\/file-225x300.jpeg 225w, https:\/\/alpisbl.org\/wp-content\/uploads\/2020\/08\/file-1152x1536.jpeg 1152w, https:\/\/alpisbl.org\/wp-content\/uploads\/2020\/08\/file.jpeg 1200w\" sizes=\"(max-width: 768px) 100vw, 768px\" \/><\/figure>\n\n\n\n<p><strong>KLA\u00d0ENJE KAO PROBLEM<\/strong><br>Nikada se nemojte kockati\/kladiti iznad nov\u010danog iznosa koji ste prethodno za to odredili.<br>Bez obzira na to da li dobijate ili gubite, obavezno prestanite da se kockate\/kladite kada do\u0111ete do iznosa koji ste prethodno odredili za ulog u igri.<br>Nikada nemojte da se kockate\/kladite ukoliko vas to finansijski iscrpljuje. Ako Vam porodica daje primjedbe, vjerovatno ste u problemu.<br>Nikada se nemojte kockati\/kladiti ako se zbog svog kockanja\/kla\u0111enja morate zadu\u017eiti, odnosno nikada sa pozajmljenim novcem.<br>Nikada se nemojte kockati\/kladiti sa novcem koji ste namjeravali da potro\u0161ite na ne\u0161to drugo (npr. poklon za dijete, stanarinu, popravke itd.).<br>Ako primijetite da se kockate da bi smanjili stres, znajte da ste u problemima.<br>Kockanje\/kla\u0111enje nikada nemojte koristiti kako biste prevladali neugodna osje\u0107anja.<br>Nikada se nemojte kockati\/kladiti ako zbog toga morate zapostaviti ili se odre\u0107i dru\u0161tvenih i\/ili poslovnih aktivnosti.<br>Ako po\u010dnete u\u010destalo da se kockate, napravite pauzu.<br>Ako imate osje\u0107aj da vi\u0161e nemate kontrolu nad svojim igranjem igara na sre\u0107u, obratite se odgovaraju\u0107em savjetovali\u0161tu.<br>Zadr\u017eite kontrolu nad svojim pona\u0161anjem i nemojte dopustiti da Va\u0161e pona\u0161anje kontroli\u0161e Vas!<br>Ukoliko poznajete osobu za koju smatrate da ima problem sa kla\u0111enjem i mislite da je potrebno da joj se onemogu\u0107i pristup sajtu Mozzartbet.ba molim Vas da nas o tome obavjestite pismenim ili elektronskim putem. U Va\u0161oj poruci je neophodno da nam dostavite Va\u0161e identifikuju\u0107e podatke, kao i podatke osobe za koju zahtjevate isklju\u010denje.<\/p>\n\n\n\n<p><strong>OGRANI\u010cAVANJE IZNOSA UPLATE I GUBITKA<\/strong><br>Pismenim ili elektronskim putem mo\u017eete odrediti najvi\u0161i iznos koji mo\u017eete uplatiti, odnosno odrediti najvi\u0161i iznos gubitka koji mo\u017eete pretrpeti u odre\u0111enom vremenskom periodu. U poruci je neophodno da kompaniji \u010dlanici ALPIS-a dostavite Va\u0161e identifikuju\u0107e podatke, kao i da nazna\u010dite da li \u017eelite da ograni\u010dite iznos gubitka ili uplate tiketa, kao i period (npr. dnevni, nedjeljni ili mjese\u010dni) na koji se Va\u0161 zahtjev odnosi.<\/p>\n\n\n\n<p><strong>ZABRANA PRISTUPA SISTEMU<\/strong><br>Pismenim putem ili elektronskim putem mo\u017eete zatra\u017eiti zabranu pristupa sistemu (samoisklju\u010denje) na odre\u0111eni vremenski period, a Va\u0161 zahtjev morate potvrditi u roku od 3 dana. U poruci je neophodno da kompaniji \u010dlanici ALPIS-a dostavite Va\u0161e identifikuju\u0107e podatke i period (npr. nedjelju dana) na koji se Va\u0161 zahtjev odnosi.<\/p>\n\n\n\n<p><strong>DA LI IMATE PROBLEM SA KOCKANJEM\/KLA\u0110ENJEM?<\/strong><br>Molimo Vas da popunite samostalno upitnik i iskreno odgovorite na narednih 11 pitanja:<br>1. Morate li ponekad da se obavezno kockate\/kladite, i ako to prvobitno uop\u0161te niste namjeravali\/\u017eeljeli?<br>2. Jeste li ve\u0107 jednom poku\u0161ali da prestanete sa kockanjem\/kla\u0111enjem i niste uspjeli?<br>3. Jeste li \u010de\u0161\u0107e zbog kockanja\/kla\u0111enja propustili sastanke\/dogovore?<br>4. Kockate li\/kladite li se prvenstveno kada vam je dosadno \/ kada ste pod stresom \/ kada ste tu\u017eni?<br>5. Imate li nov\u010danih problema zbog svojih izdataka za kockanje\/kla\u0111enje?<br>6. Imate li problema u porodici zbog svojih izdataka za kockanje\/kla\u0111enje?<br>7. Kada mislite na kockanje\/kla\u0111enje, osje\u0107ate li telesne simptome, kao \u0161to su npr. ubrzani rad srca, vla\u017eni dlanovi, \u201e\u017emarci\u201c?<br>8. Patite li zbog svog igranja na sre\u0107u?<br>9. Mislite li da ste provalili sistem igranja odnosno da mo\u017eete da predvidite rezultate kla\u0111enja?<br>10. Bavite li se u mislima \u010desto kombinacijama brojeva, dobicima, vra\u0107anjem izgubljenog novca odnosno mogu\u0107nostima kla\u0111enja, rezultatima kla\u0111enja i sportskim rezultatima?<br>11. Poku\u0161avate li da sakrijete svoju strast prema kockanju\/kla\u0111enju?<\/p>\n\n\n\n<p>Ako ste na jedno ili vi\u0161e pitanja odgovorili sa \u201eDa\u201c trebalo bi da razmislite o svom kockanju, odnosno kla\u0111enju. Obratite se Univerzitetsko klini\u010dkom centru Republike Srpske, Klinika za psihijatriju, Odjeljenje za bolesti zavisnosti. Anonimnost je zagarantovana.<br>Adresa: Ul. Ma\u010dvanska 17, 78 000 Banja Luka<br>Telefon: + 387 51 434 281<br>Faks: +387 51 434 677<br>Url: <a href=\"https:\/\/www.kc-bl.com\" target=\"_blank\" rel=\"noreferrer noopener\">www.kc-bl.com<\/a><\/p>\n","protected":false},"excerpt":{"rendered":"<p>Asocijacija legalnih prire\u0111iva\u010da igara na sre\u0107u (ALPIS) osnovana je u aprilu 2013. godine sa ciljem da se unaprijede ukupni standardi poslovanja u toj industriji u na\u0161oj zemlji, da se pove\u0107a svijest o potrebi kvalitetnog dru\u0161tveno odgovornog poslovanja i da Asocijacija \u043a\u0430\u043e kredibilan partner i sagovornik sara\u0111uje sa dr\u017eavnim organima u domenu normativnog ure\u0111enja oblasti igara [&hellip;]<\/p>\n","protected":false},"author":1,"featured_media":1170,"parent":0,"menu_order":0,"comment_status":"closed","ping_status":"closed","template":"","meta":[],"_links":{"self":[{"href":"https:\/\/alpisbl.org\/index.php?rest_route=\/wp\/v2\/pages\/9"}],"collection":[{"href":"https:\/\/alpisbl.org\/index.php?rest_route=\/wp\/v2\/pages"}],"about":[{"href":"https:\/\/alpisbl.org\/index.php?rest_route=\/wp\/v2\/types\/page"}],"author":[{"embeddable":true,"href":"https:\/\/alpisbl.org\/index.php?rest_route=\/wp\/v2\/users\/1"}],"replies":[{"embeddable":true,"href":"https:\/\/alpisbl.org\/index.php?rest_route=%2Fwp%2Fv2%2Fcomments&post=9"}],"version-history":[{"count":5,"href":"https:\/\/alpisbl.org\/index.php?rest_route=\/wp\/v2\/pages\/9\/revisions"}],"predecessor-version":[{"id":1149,"href":"https:\/\/alpisbl.org\/index.php?rest_route=\/wp\/v2\/pages\/9\/revisions\/1149"}],"wp:featuredmedia":[{"embeddable":true,"href":"https:\/\/alpisbl.org\/index.php?rest_route=\/wp\/v2\/media\/1170"}],"wp:attachment":[{"href":"https:\/\/alpisbl.org\/index.php?rest_route=%2Fwp%2Fv2%2Fmedia&parent=9"}],"curies":[{"name":"wp","href":"https:\/\/api.w.org\/{rel}","templated":true}]}}